{"id":34,"date":"2025-06-03T22:02:36","date_gmt":"2025-06-03T20:02:36","guid":{"rendered":"http:\/\/ateliersevigne.fr\/?page_id=34"},"modified":"2025-07-18T14:13:39","modified_gmt":"2025-07-18T12:13:39","slug":"la-spencerian","status":"publish","type":"page","link":"https:\/\/ateliersevigne.fr\/?page_id=34","title":{"rendered":"La spencerian"},"content":{"rendered":"\t\t<div data-elementor-type=\"wp-page\" data-elementor-id=\"34\" class=\"elementor elementor-34\" data-elementor-post-type=\"page\">\n\t\t\t\t<div class=\"elementor-element elementor-element-6974497 e-flex e-con-boxed wpr-particle-no wpr-jarallax-no wpr-parallax-no wpr-sticky-section-no e-con e-parent\" data-id=\"6974497\" data-element_type=\"container\">\n\t\t\t\t\t<div class=\"e-con-inner\">\n\t\t\t\t<div class=\"elementor-element elementor-element-f1dcf30 elementor-widget elementor-widget-heading\" data-id=\"f1dcf30\" data-element_type=\"widget\" data-widget_type=\"heading.default\">\n\t\t\t\t<div class=\"elementor-widget-container\">\n\t\t\t\t\t<h2 class=\"elementor-heading-title elementor-size-default\">La Spencerian<\/h2>\t\t\t\t<\/div>\n\t\t\t\t<\/div>\n\t\t\t\t<div class=\"elementor-element elementor-element-f1d89cd elementor-widget elementor-widget-image\" data-id=\"f1d89cd\" data-element_type=\"widget\" data-widget_type=\"image.default\">\n\t\t\t\t<div class=\"elementor-widget-container\">\n\t\t\t\t\t\t\t\t\t\t\t\t\t\t\t<img fetchpriority=\"high\" decoding=\"async\" width=\"800\" height=\"534\" src=\"https:\/\/ateliersevigne.fr\/wp-content\/uploads\/2025\/07\/Spencerian1-1-1024x683.jpg\" class=\"attachment-large size-large wp-image-506\" alt=\"\" srcset=\"https:\/\/ateliersevigne.fr\/wp-content\/uploads\/2025\/07\/Spencerian1-1-1024x683.jpg 1024w, https:\/\/ateliersevigne.fr\/wp-content\/uploads\/2025\/07\/Spencerian1-1-300x200.jpg 300w, https:\/\/ateliersevigne.fr\/wp-content\/uploads\/2025\/07\/Spencerian1-1-768x512.jpg 768w, https:\/\/ateliersevigne.fr\/wp-content\/uploads\/2025\/07\/Spencerian1-1-1536x1024.jpg 1536w, https:\/\/ateliersevigne.fr\/wp-content\/uploads\/2025\/07\/Spencerian1-1-2048x1365.jpg 2048w\" sizes=\"(max-width: 800px) 100vw, 800px\" \/>\t\t\t\t\t\t\t\t\t\t\t\t\t\t\t<\/div>\n\t\t\t\t<\/div>\n\t\t\t\t<div class=\"elementor-element elementor-element-5a1c44b elementor-widget elementor-widget-text-editor\" data-id=\"5a1c44b\" data-element_type=\"widget\" data-widget_type=\"text-editor.default\">\n\t\t\t\t<div class=\"elementor-widget-container\">\n\t\t\t\t\t\t\t\t\t<p class=\"p1\">Plus nerveuse, plus rapide, plus anguleuse que l\u2019Anglaise, la Spencerian, reine du XIX\u00e8me si\u00e8cle, rev\u00eat aujourd\u2019hui un caract\u00e8re confidentiel qui s\u00e9duira vos destinataires. Le rythme est vif, la plume l\u00e9g\u00e8re et le rendu tr\u00e8s a\u00e9rien, en particulier dans sa version ornement\u00e9e. C\u2019est une \u00e9criture extr\u00eamement polyvalente, aussi raffin\u00e9e sur un menu de table que fascinante en live-event, o\u00f9 ses majuscules spectaculaires, trac\u00e9es d\u2019un mouvement souple, ne manquent jamais d\u2019hypnotiser.<\/p>\t\t\t\t\t\t\t\t<\/div>\n\t\t\t\t<\/div>\n\t\t\t\t\t<\/div>\n\t\t\t\t<\/div>\n\t\t\t\t<\/div>\n\t\t","protected":false},"excerpt":{"rendered":"<p>La Spencerian Plus nerveuse, plus rapide, plus anguleuse que l\u2019Anglaise, la Spencerian, reine du XIX\u00e8me si\u00e8cle, rev\u00eat aujourd\u2019hui un caract\u00e8re confidentiel qui s\u00e9duira vos destinataires. Le rythme est vif, la plume l\u00e9g\u00e8re et le rendu tr\u00e8s a\u00e9rien, en particulier dans sa version ornement\u00e9e. C\u2019est une \u00e9criture extr\u00eamement polyvalente, aussi raffin\u00e9e sur un menu de table que fascinante en live-event, o\u00f9 ses majuscules spectaculaires, trac\u00e9es d\u2019un mouvement souple, ne manquent jamais d\u2019hypnotiser.<\/p>\n","protected":false},"author":1,"featured_media":0,"parent":0,"menu_order":0,"comment_status":"closed","ping_status":"closed","template":"","meta":{"footnotes":""},"class_list":["post-34","page","type-page","status-publish","hentry"],"_links":{"self":[{"href":"https:\/\/ateliersevigne.fr\/index.php?rest_route=\/wp\/v2\/pages\/34","targetHints":{"allow":["GET"]}}],"collection":[{"href":"https:\/\/ateliersevigne.fr\/index.php?rest_route=\/wp\/v2\/pages"}],"about":[{"href":"https:\/\/ateliersevigne.fr\/index.php?rest_route=\/wp\/v2\/types\/page"}],"author":[{"embeddable":true,"href":"https:\/\/ateliersevigne.fr\/index.php?rest_route=\/wp\/v2\/users\/1"}],"replies":[{"embeddable":true,"href":"https:\/\/ateliersevigne.fr\/index.php?rest_route=%2Fwp%2Fv2%2Fcomments&post=34"}],"version-history":[{"count":37,"href":"https:\/\/ateliersevigne.fr\/index.php?rest_route=\/wp\/v2\/pages\/34\/revisions"}],"predecessor-version":[{"id":560,"href":"https:\/\/ateliersevigne.fr\/index.php?rest_route=\/wp\/v2\/pages\/34\/revisions\/560"}],"wp:attachment":[{"href":"https:\/\/ateliersevigne.fr\/index.php?rest_route=%2Fwp%2Fv2%2Fmedia&parent=34"}],"curies":[{"name":"wp","href":"https:\/\/api.w.org\/{rel}","templated":true}]}}