{"id":32,"date":"2025-06-03T22:02:24","date_gmt":"2025-06-03T20:02:24","guid":{"rendered":"http:\/\/ateliersevigne.fr\/?page_id=32"},"modified":"2025-07-18T14:12:07","modified_gmt":"2025-07-18T12:12:07","slug":"la-copperplate","status":"publish","type":"page","link":"https:\/\/ateliersevigne.fr\/?page_id=32","title":{"rendered":"La copperplate"},"content":{"rendered":"\t\t<div data-elementor-type=\"wp-page\" data-elementor-id=\"32\" class=\"elementor elementor-32\" data-elementor-post-type=\"page\">\n\t\t\t\t<div class=\"elementor-element elementor-element-e7e705c e-flex e-con-boxed wpr-particle-no wpr-jarallax-no wpr-parallax-no wpr-sticky-section-no e-con e-parent\" data-id=\"e7e705c\" data-element_type=\"container\">\n\t\t\t\t\t<div class=\"e-con-inner\">\n\t\t\t\t<div class=\"elementor-element elementor-element-ab739fd elementor-widget elementor-widget-heading\" data-id=\"ab739fd\" data-element_type=\"widget\" data-widget_type=\"heading.default\">\n\t\t\t\t<div class=\"elementor-widget-container\">\n\t\t\t\t\t<h2 class=\"elementor-heading-title elementor-size-default\">La Copperplate<\/h2>\t\t\t\t<\/div>\n\t\t\t\t<\/div>\n\t\t\t\t<div class=\"elementor-element elementor-element-ea6b7ab elementor-widget elementor-widget-image\" data-id=\"ea6b7ab\" data-element_type=\"widget\" data-widget_type=\"image.default\">\n\t\t\t\t<div class=\"elementor-widget-container\">\n\t\t\t\t\t\t\t\t\t\t\t\t\t\t\t<img fetchpriority=\"high\" decoding=\"async\" width=\"800\" height=\"534\" src=\"https:\/\/ateliersevigne.fr\/wp-content\/uploads\/2025\/06\/COP1-1024x683.jpg\" class=\"attachment-large size-large wp-image-179\" alt=\"\" srcset=\"https:\/\/ateliersevigne.fr\/wp-content\/uploads\/2025\/06\/COP1-1024x683.jpg 1024w, https:\/\/ateliersevigne.fr\/wp-content\/uploads\/2025\/06\/COP1-300x200.jpg 300w, https:\/\/ateliersevigne.fr\/wp-content\/uploads\/2025\/06\/COP1-768x512.jpg 768w, https:\/\/ateliersevigne.fr\/wp-content\/uploads\/2025\/06\/COP1-1536x1024.jpg 1536w, https:\/\/ateliersevigne.fr\/wp-content\/uploads\/2025\/06\/COP1-2048x1365.jpg 2048w\" sizes=\"(max-width: 800px) 100vw, 800px\" \/>\t\t\t\t\t\t\t\t\t\t\t\t\t\t\t<\/div>\n\t\t\t\t<\/div>\n\t\t\t\t<div class=\"elementor-element elementor-element-bed9a57 elementor-widget elementor-widget-text-editor\" data-id=\"bed9a57\" data-element_type=\"widget\" data-widget_type=\"text-editor.default\">\n\t\t\t\t<div class=\"elementor-widget-container\">\n\t\t\t\t\t\t\t\t\t<p class=\"p1\">L\u2019\u00e9criture par excellence de la calligraphie \u00e9v\u00e8nementielle. Id\u00e9ale pour vos enveloppes de mariage ou pour toute occasion formelle, c\u2019est l\u2019image m\u00eame de l\u2019\u00e9l\u00e9gance : intemporelle et raffin\u00e9e. Elle se d\u00e9cline en deux versions : une version \u00e9pur\u00e9e, d\u2019un classicisme parfait, et une version ornement\u00e9e, dans laquelle les lettres se parent de courbes et de volutes.<\/p><p class=\"p1\">Le degr\u00e9 d\u2019ornementation, du plus sobre au plus foisonnant, s\u2019ajuste \u00e0 votre demande.<\/p>\t\t\t\t\t\t\t\t<\/div>\n\t\t\t\t<\/div>\n\t\t\t\t\t<\/div>\n\t\t\t\t<\/div>\n\t\t\t\t<\/div>\n\t\t","protected":false},"excerpt":{"rendered":"<p>La Copperplate L\u2019\u00e9criture par excellence de la calligraphie \u00e9v\u00e8nementielle. Id\u00e9ale pour vos enveloppes de mariage ou pour toute occasion formelle, c\u2019est l\u2019image m\u00eame de l\u2019\u00e9l\u00e9gance : intemporelle et raffin\u00e9e. Elle se d\u00e9cline en deux versions : une version \u00e9pur\u00e9e, d\u2019un classicisme parfait, et une version ornement\u00e9e, dans laquelle les lettres se parent de courbes et de volutes. Le degr\u00e9 d\u2019ornementation, du plus sobre au plus foisonnant, s\u2019ajuste \u00e0 votre demande.<\/p>\n","protected":false},"author":1,"featured_media":0,"parent":0,"menu_order":0,"comment_status":"closed","ping_status":"closed","template":"","meta":{"footnotes":""},"class_list":["post-32","page","type-page","status-publish","hentry"],"_links":{"self":[{"href":"https:\/\/ateliersevigne.fr\/index.php?rest_route=\/wp\/v2\/pages\/32","targetHints":{"allow":["GET"]}}],"collection":[{"href":"https:\/\/ateliersevigne.fr\/index.php?rest_route=\/wp\/v2\/pages"}],"about":[{"href":"https:\/\/ateliersevigne.fr\/index.php?rest_route=\/wp\/v2\/types\/page"}],"author":[{"embeddable":true,"href":"https:\/\/ateliersevigne.fr\/index.php?rest_route=\/wp\/v2\/users\/1"}],"replies":[{"embeddable":true,"href":"https:\/\/ateliersevigne.fr\/index.php?rest_route=%2Fwp%2Fv2%2Fcomments&post=32"}],"version-history":[{"count":28,"href":"https:\/\/ateliersevigne.fr\/index.php?rest_route=\/wp\/v2\/pages\/32\/revisions"}],"predecessor-version":[{"id":554,"href":"https:\/\/ateliersevigne.fr\/index.php?rest_route=\/wp\/v2\/pages\/32\/revisions\/554"}],"wp:attachment":[{"href":"https:\/\/ateliersevigne.fr\/index.php?rest_route=%2Fwp%2Fv2%2Fmedia&parent=32"}],"curies":[{"name":"wp","href":"https:\/\/api.w.org\/{rel}","templated":true}]}}