{"id":30,"date":"2025-06-03T22:01:37","date_gmt":"2025-06-03T20:01:37","guid":{"rendered":"http:\/\/ateliersevigne.fr\/?page_id=30"},"modified":"2025-07-18T14:10:57","modified_gmt":"2025-07-18T12:10:57","slug":"commandes-personnalisees","status":"publish","type":"page","link":"https:\/\/ateliersevigne.fr\/?page_id=30","title":{"rendered":"Commande personnalis\u00e9e"},"content":{"rendered":"\t\t<div data-elementor-type=\"wp-page\" data-elementor-id=\"30\" class=\"elementor elementor-30\" data-elementor-post-type=\"page\">\n\t\t\t\t<div class=\"elementor-element elementor-element-e4097f0 e-flex e-con-boxed wpr-particle-no wpr-jarallax-no wpr-parallax-no wpr-sticky-section-no e-con e-parent\" data-id=\"e4097f0\" data-element_type=\"container\">\n\t\t\t\t\t<div class=\"e-con-inner\">\n\t\t\t\t<div class=\"elementor-element elementor-element-599a4c8 elementor-widget elementor-widget-heading\" data-id=\"599a4c8\" data-element_type=\"widget\" data-widget_type=\"heading.default\">\n\t\t\t\t<div class=\"elementor-widget-container\">\n\t\t\t\t\t<h2 class=\"elementor-heading-title elementor-size-default\">Commande personnalis\u00e9e<\/h2>\t\t\t\t<\/div>\n\t\t\t\t<\/div>\n\t\t\t\t<div class=\"elementor-element elementor-element-0a1208a elementor-widget elementor-widget-image\" data-id=\"0a1208a\" data-element_type=\"widget\" data-widget_type=\"image.default\">\n\t\t\t\t<div class=\"elementor-widget-container\">\n\t\t\t\t\t\t\t\t\t\t\t\t\t\t\t<img fetchpriority=\"high\" decoding=\"async\" width=\"800\" height=\"534\" src=\"https:\/\/ateliersevigne.fr\/wp-content\/uploads\/2025\/07\/CP1_2-1-1024x683.jpg\" class=\"attachment-large size-large wp-image-453\" alt=\"\" srcset=\"https:\/\/ateliersevigne.fr\/wp-content\/uploads\/2025\/07\/CP1_2-1-1024x683.jpg 1024w, https:\/\/ateliersevigne.fr\/wp-content\/uploads\/2025\/07\/CP1_2-1-300x200.jpg 300w, https:\/\/ateliersevigne.fr\/wp-content\/uploads\/2025\/07\/CP1_2-1-768x512.jpg 768w, https:\/\/ateliersevigne.fr\/wp-content\/uploads\/2025\/07\/CP1_2-1-1536x1024.jpg 1536w, https:\/\/ateliersevigne.fr\/wp-content\/uploads\/2025\/07\/CP1_2-1-2048x1365.jpg 2048w\" sizes=\"(max-width: 800px) 100vw, 800px\" \/>\t\t\t\t\t\t\t\t\t\t\t\t\t\t\t<\/div>\n\t\t\t\t<\/div>\n\t\t\t\t<div class=\"elementor-element elementor-element-017fc77 elementor-widget elementor-widget-text-editor\" data-id=\"017fc77\" data-element_type=\"widget\" data-widget_type=\"text-editor.default\">\n\t\t\t\t<div class=\"elementor-widget-container\">\n\t\t\t\t\t\t\t\t\t<p dir=\"ltr\">Vous souhaitez sublimer par la calligraphie une d\u00e9claration d\u2019amour, un po\u00e8me, un pr\u00e9nom, vos v\u0153ux de mariage, une date ou une citation qui vous tient \u00e0 c\u0153ur ?<\/p><p dir=\"ltr\">Vous avez besoin d&#8217;\u00e9l\u00e9ments manuscrits pour un tournage, une repr\u00e9sentation, un escape-game, ou toute autre cr\u00e9ation visuelle ou sc\u00e9nographique\u2026 ?<\/p><p dir=\"ltr\">Je serai heureuse de mettre ma plume au service de votre projet, dans une approche sur mesure.<\/p>\t\t\t\t\t\t\t\t<\/div>\n\t\t\t\t<\/div>\n\t\t\t\t<div class=\"elementor-element elementor-element-3964d46 elementor-align-center elementor-widget elementor-widget-button\" data-id=\"3964d46\" data-element_type=\"widget\" data-widget_type=\"button.default\">\n\t\t\t\t<div class=\"elementor-widget-container\">\n\t\t\t\t\t\t\t\t\t<div class=\"elementor-button-wrapper\">\n\t\t\t\t\t<a class=\"elementor-button elementor-button-link elementor-size-sm elementor-animation-shrink\" href=\"https:\/\/ateliersevigne.fr\/?page_id=22\">\n\t\t\t\t\t\t<span class=\"elementor-button-content-wrapper\">\n\t\t\t\t\t\t\t\t\t<span class=\"elementor-button-text\">Discutons ensemble de votre projet<\/span>\n\t\t\t\t\t<\/span>\n\t\t\t\t\t<\/a>\n\t\t\t\t<\/div>\n\t\t\t\t\t\t\t\t<\/div>\n\t\t\t\t<\/div>\n\t\t\t\t\t<\/div>\n\t\t\t\t<\/div>\n\t\t\t\t<\/div>\n\t\t","protected":false},"excerpt":{"rendered":"<p>Commande personnalis\u00e9e Vous souhaitez sublimer par la calligraphie une d\u00e9claration d\u2019amour, un po\u00e8me, un pr\u00e9nom, vos v\u0153ux de mariage, une date ou une citation qui vous tient \u00e0 c\u0153ur ? Vous avez besoin d&#8217;\u00e9l\u00e9ments manuscrits pour un tournage, une repr\u00e9sentation, un escape-game, ou toute autre cr\u00e9ation visuelle ou sc\u00e9nographique\u2026 ? Je serai heureuse de mettre ma plume au service de votre projet, dans une approche sur mesure. Discutons ensemble de votre projet<\/p>\n","protected":false},"author":1,"featured_media":0,"parent":0,"menu_order":0,"comment_status":"closed","ping_status":"closed","template":"","meta":{"footnotes":""},"class_list":["post-30","page","type-page","status-publish","hentry"],"_links":{"self":[{"href":"https:\/\/ateliersevigne.fr\/index.php?rest_route=\/wp\/v2\/pages\/30","targetHints":{"allow":["GET"]}}],"collection":[{"href":"https:\/\/ateliersevigne.fr\/index.php?rest_route=\/wp\/v2\/pages"}],"about":[{"href":"https:\/\/ateliersevigne.fr\/index.php?rest_route=\/wp\/v2\/types\/page"}],"author":[{"embeddable":true,"href":"https:\/\/ateliersevigne.fr\/index.php?rest_route=\/wp\/v2\/users\/1"}],"replies":[{"embeddable":true,"href":"https:\/\/ateliersevigne.fr\/index.php?rest_route=%2Fwp%2Fv2%2Fcomments&post=30"}],"version-history":[{"count":26,"href":"https:\/\/ateliersevigne.fr\/index.php?rest_route=\/wp\/v2\/pages\/30\/revisions"}],"predecessor-version":[{"id":548,"href":"https:\/\/ateliersevigne.fr\/index.php?rest_route=\/wp\/v2\/pages\/30\/revisions\/548"}],"wp:attachment":[{"href":"https:\/\/ateliersevigne.fr\/index.php?rest_route=%2Fwp%2Fv2%2Fmedia&parent=30"}],"curies":[{"name":"wp","href":"https:\/\/api.w.org\/{rel}","templated":true}]}}