{"id":28,"date":"2025-06-03T22:01:26","date_gmt":"2025-06-03T20:01:26","guid":{"rendered":"http:\/\/ateliersevigne.fr\/?page_id=28"},"modified":"2025-07-18T14:14:27","modified_gmt":"2025-07-18T12:14:27","slug":"mariages","status":"publish","type":"page","link":"https:\/\/ateliersevigne.fr\/?page_id=28","title":{"rendered":"Mariages"},"content":{"rendered":"\t\t<div data-elementor-type=\"wp-page\" data-elementor-id=\"28\" class=\"elementor elementor-28\" data-elementor-post-type=\"page\">\n\t\t\t\t<div class=\"elementor-element elementor-element-c16ab92 e-flex e-con-boxed wpr-particle-no wpr-jarallax-no wpr-parallax-no wpr-sticky-section-no e-con e-parent\" data-id=\"c16ab92\" data-element_type=\"container\">\n\t\t\t\t\t<div class=\"e-con-inner\">\n\t\t\t\t<div class=\"elementor-element elementor-element-ec6ebd9 elementor-widget elementor-widget-heading\" data-id=\"ec6ebd9\" data-element_type=\"widget\" data-widget_type=\"heading.default\">\n\t\t\t\t<div class=\"elementor-widget-container\">\n\t\t\t\t\t<h2 class=\"elementor-heading-title elementor-size-default\">Mariages<\/h2>\t\t\t\t<\/div>\n\t\t\t\t<\/div>\n\t\t\t\t<div class=\"elementor-element elementor-element-17de8da elementor-widget elementor-widget-image\" data-id=\"17de8da\" data-element_type=\"widget\" data-widget_type=\"image.default\">\n\t\t\t\t<div class=\"elementor-widget-container\">\n\t\t\t\t\t\t\t\t\t\t\t\t\t\t\t<img fetchpriority=\"high\" decoding=\"async\" width=\"800\" height=\"534\" src=\"https:\/\/ateliersevigne.fr\/wp-content\/uploads\/2025\/06\/MA1-1024x683.jpg\" class=\"attachment-large size-large wp-image-96\" alt=\"\" srcset=\"https:\/\/ateliersevigne.fr\/wp-content\/uploads\/2025\/06\/MA1-1024x683.jpg 1024w, https:\/\/ateliersevigne.fr\/wp-content\/uploads\/2025\/06\/MA1-300x200.jpg 300w, https:\/\/ateliersevigne.fr\/wp-content\/uploads\/2025\/06\/MA1-768x512.jpg 768w, https:\/\/ateliersevigne.fr\/wp-content\/uploads\/2025\/06\/MA1-1536x1024.jpg 1536w, https:\/\/ateliersevigne.fr\/wp-content\/uploads\/2025\/06\/MA1-2048x1365.jpg 2048w\" sizes=\"(max-width: 800px) 100vw, 800px\" \/>\t\t\t\t\t\t\t\t\t\t\t\t\t\t\t<\/div>\n\t\t\t\t<\/div>\n\t\t\t\t<div class=\"elementor-element elementor-element-2ff5560 elementor-widget elementor-widget-text-editor\" data-id=\"2ff5560\" data-element_type=\"widget\" data-widget_type=\"text-editor.default\">\n\t\t\t\t<div class=\"elementor-widget-container\">\n\t\t\t\t\t\t\t\t\t<p dir=\"ltr\">Confier \u00e0 ma plume la papeterie de votre mariage, c&#8217;est donner \u00e0 votre grand jour le charme unique du fait main, et une touche artistique raffin\u00e9e.<\/p>\n<p dir=\"ltr\">L&#8217;enveloppe manuscrite, \u00e9crin de votre faire-part, offre \u00e0 vos invit\u00e9s une exp\u00e9rience courrier hors du temps, et d&#8217;une \u00e9l\u00e9gance folle. Menus, chevalets, noms de table : chaque \u00e9l\u00e9ment de votre papeterie de r\u00e9ception peut \u00eatre calligraphi\u00e9 avec le m\u00eame soin.&nbsp;<\/p>\n<p dir=\"ltr\">Pour un mariage d&#8217;exception, o\u00f9 chaque d\u00e9tail compte.&nbsp;<\/p>\t\t\t\t\t\t\t\t<\/div>\n\t\t\t\t<\/div>\n\t\t\t\t<div class=\"elementor-element elementor-element-6ccd3aa elementor-align-center elementor-widget elementor-widget-button\" data-id=\"6ccd3aa\" data-element_type=\"widget\" data-widget_type=\"button.default\">\n\t\t\t\t<div class=\"elementor-widget-container\">\n\t\t\t\t\t\t\t\t\t<div class=\"elementor-button-wrapper\">\n\t\t\t\t\t<a class=\"elementor-button elementor-button-link elementor-size-sm elementor-animation-shrink\" href=\"https:\/\/ateliersevigne.fr\/?page_id=22\">\n\t\t\t\t\t\t<span class=\"elementor-button-content-wrapper\">\n\t\t\t\t\t\t\t\t\t<span class=\"elementor-button-text\">Discutons ensemble de votre projet<\/span>\n\t\t\t\t\t<\/span>\n\t\t\t\t\t<\/a>\n\t\t\t\t<\/div>\n\t\t\t\t\t\t\t\t<\/div>\n\t\t\t\t<\/div>\n\t\t\t\t\t<\/div>\n\t\t\t\t<\/div>\n\t\t\t\t<\/div>\n\t\t","protected":false},"excerpt":{"rendered":"<p>Mariages Confier \u00e0 ma plume la papeterie de votre mariage, c&#8217;est donner \u00e0 votre grand jour le charme unique du fait main, et une touche artistique raffin\u00e9e. L&#8217;enveloppe manuscrite, \u00e9crin de votre faire-part, offre \u00e0 vos invit\u00e9s une exp\u00e9rience courrier hors du temps, et d&#8217;une \u00e9l\u00e9gance folle. Menus, chevalets, noms de table : chaque \u00e9l\u00e9ment de votre papeterie de r\u00e9ception peut \u00eatre calligraphi\u00e9 avec le m\u00eame soin.&nbsp; Pour un mariage d&#8217;exception, o\u00f9 chaque d\u00e9tail compte.&nbsp; Discutons ensemble de votre projet<\/p>\n","protected":false},"author":1,"featured_media":0,"parent":0,"menu_order":0,"comment_status":"closed","ping_status":"closed","template":"","meta":{"footnotes":""},"class_list":["post-28","page","type-page","status-publish","hentry"],"_links":{"self":[{"href":"https:\/\/ateliersevigne.fr\/index.php?rest_route=\/wp\/v2\/pages\/28","targetHints":{"allow":["GET"]}}],"collection":[{"href":"https:\/\/ateliersevigne.fr\/index.php?rest_route=\/wp\/v2\/pages"}],"about":[{"href":"https:\/\/ateliersevigne.fr\/index.php?rest_route=\/wp\/v2\/types\/page"}],"author":[{"embeddable":true,"href":"https:\/\/ateliersevigne.fr\/index.php?rest_route=\/wp\/v2\/users\/1"}],"replies":[{"embeddable":true,"href":"https:\/\/ateliersevigne.fr\/index.php?rest_route=%2Fwp%2Fv2%2Fcomments&post=28"}],"version-history":[{"count":26,"href":"https:\/\/ateliersevigne.fr\/index.php?rest_route=\/wp\/v2\/pages\/28\/revisions"}],"predecessor-version":[{"id":578,"href":"https:\/\/ateliersevigne.fr\/index.php?rest_route=\/wp\/v2\/pages\/28\/revisions\/578"}],"wp:attachment":[{"href":"https:\/\/ateliersevigne.fr\/index.php?rest_route=%2Fwp%2Fv2%2Fmedia&parent=28"}],"curies":[{"name":"wp","href":"https:\/\/api.w.org\/{rel}","templated":true}]}}