{"id":26,"date":"2025-06-03T22:01:14","date_gmt":"2025-06-03T20:01:14","guid":{"rendered":"http:\/\/ateliersevigne.fr\/?page_id=26"},"modified":"2025-07-18T14:09:59","modified_gmt":"2025-07-18T12:09:59","slug":"live-event","status":"publish","type":"page","link":"https:\/\/ateliersevigne.fr\/?page_id=26","title":{"rendered":"Live event"},"content":{"rendered":"\t\t<div data-elementor-type=\"wp-page\" data-elementor-id=\"26\" class=\"elementor elementor-26\" data-elementor-post-type=\"page\">\n\t\t\t\t<div class=\"elementor-element elementor-element-dce1369 e-flex e-con-boxed wpr-particle-no wpr-jarallax-no wpr-parallax-no wpr-sticky-section-no e-con e-parent\" data-id=\"dce1369\" data-element_type=\"container\">\n\t\t\t\t\t<div class=\"e-con-inner\">\n\t\t\t\t<div class=\"elementor-element elementor-element-46a351b elementor-widget elementor-widget-heading\" data-id=\"46a351b\" data-element_type=\"widget\" data-widget_type=\"heading.default\">\n\t\t\t\t<div class=\"elementor-widget-container\">\n\t\t\t\t\t<h2 class=\"elementor-heading-title elementor-size-default\">Live event<\/h2>\t\t\t\t<\/div>\n\t\t\t\t<\/div>\n\t\t\t\t<div class=\"elementor-element elementor-element-a9cb0d8 elementor-widget elementor-widget-image\" data-id=\"a9cb0d8\" data-element_type=\"widget\" data-widget_type=\"image.default\">\n\t\t\t\t<div class=\"elementor-widget-container\">\n\t\t\t\t\t\t\t\t\t\t\t\t\t\t\t<img fetchpriority=\"high\" decoding=\"async\" width=\"800\" height=\"534\" src=\"https:\/\/ateliersevigne.fr\/wp-content\/uploads\/2025\/06\/LE2-1024x683.jpg\" class=\"attachment-large size-large wp-image-95\" alt=\"\" srcset=\"https:\/\/ateliersevigne.fr\/wp-content\/uploads\/2025\/06\/LE2-1024x683.jpg 1024w, https:\/\/ateliersevigne.fr\/wp-content\/uploads\/2025\/06\/LE2-300x200.jpg 300w, https:\/\/ateliersevigne.fr\/wp-content\/uploads\/2025\/06\/LE2-768x512.jpg 768w, https:\/\/ateliersevigne.fr\/wp-content\/uploads\/2025\/06\/LE2-1536x1024.jpg 1536w, https:\/\/ateliersevigne.fr\/wp-content\/uploads\/2025\/06\/LE2-2048x1365.jpg 2048w\" sizes=\"(max-width: 800px) 100vw, 800px\" \/>\t\t\t\t\t\t\t\t\t\t\t\t\t\t\t<\/div>\n\t\t\t\t<\/div>\n\t\t\t\t<div class=\"elementor-element elementor-element-2a7f4d6 elementor-widget elementor-widget-text-editor\" data-id=\"2a7f4d6\" data-element_type=\"widget\" data-widget_type=\"text-editor.default\">\n\t\t\t\t<div class=\"elementor-widget-container\">\n\t\t\t\t\t\t\t\t\t<p class=\"p1\">Le geste calligraphique fascine par sa pr\u00e9cision et l\u2019harmonie de son trac\u00e9. Offrez \u00e0 vos clients ou invit\u00e9s une exp\u00e9rience unique en faisant personnaliser pour eux, \u00e0 la plume et en direct, le support de votre choix\u00a0: carte, pochette cadeau, \u00e9tiquette\u2026<\/p><p class=\"p1\">En boutique ou sur le lieu de votre \u00e9v\u00e8nement, je me d\u00e9place au moment des f\u00eates mais aussi pour toutes vos occasions priv\u00e9es, professionnelles ou culturelles.<\/p><p class=\"p1\">Je propose \u00e9galement ma calligraphie sur cuir lisse, gr\u00e2ce \u00e0 une technique de gravure \u00e0 chaud. Porte-cl\u00e9s, portefeuilles, bagagerie ou carnets s\u2019orneront de magnifiques initiales grav\u00e9es \u00e0 la demande.<\/p>\t\t\t\t\t\t\t\t<\/div>\n\t\t\t\t<\/div>\n\t\t\t\t<div class=\"elementor-element elementor-element-b208e66 elementor-align-center elementor-widget elementor-widget-button\" data-id=\"b208e66\" data-element_type=\"widget\" data-widget_type=\"button.default\">\n\t\t\t\t<div class=\"elementor-widget-container\">\n\t\t\t\t\t\t\t\t\t<div class=\"elementor-button-wrapper\">\n\t\t\t\t\t<a class=\"elementor-button elementor-button-link elementor-size-sm elementor-animation-shrink\" href=\"https:\/\/ateliersevigne.fr\/?page_id=22\">\n\t\t\t\t\t\t<span class=\"elementor-button-content-wrapper\">\n\t\t\t\t\t\t\t\t\t<span class=\"elementor-button-text\">Discutons ensemble de votre projet<\/span>\n\t\t\t\t\t<\/span>\n\t\t\t\t\t<\/a>\n\t\t\t\t<\/div>\n\t\t\t\t\t\t\t\t<\/div>\n\t\t\t\t<\/div>\n\t\t\t\t\t<\/div>\n\t\t\t\t<\/div>\n\t\t\t\t<\/div>\n\t\t","protected":false},"excerpt":{"rendered":"<p>Live event Le geste calligraphique fascine par sa pr\u00e9cision et l\u2019harmonie de son trac\u00e9. Offrez \u00e0 vos clients ou invit\u00e9s une exp\u00e9rience unique en faisant personnaliser pour eux, \u00e0 la plume et en direct, le support de votre choix\u00a0: carte, pochette cadeau, \u00e9tiquette\u2026 En boutique ou sur le lieu de votre \u00e9v\u00e8nement, je me d\u00e9place au moment des f\u00eates mais aussi pour toutes vos occasions priv\u00e9es, professionnelles ou culturelles. Je propose \u00e9galement ma calligraphie sur cuir lisse, gr\u00e2ce \u00e0 une technique de gravure \u00e0 chaud. Porte-cl\u00e9s, portefeuilles, bagagerie ou carnets s\u2019orneront de magnifiques initiales grav\u00e9es \u00e0 la demande. Discutons ensemble de votre projet<\/p>\n","protected":false},"author":1,"featured_media":0,"parent":0,"menu_order":0,"comment_status":"closed","ping_status":"closed","template":"","meta":{"footnotes":""},"class_list":["post-26","page","type-page","status-publish","hentry"],"_links":{"self":[{"href":"https:\/\/ateliersevigne.fr\/index.php?rest_route=\/wp\/v2\/pages\/26","targetHints":{"allow":["GET"]}}],"collection":[{"href":"https:\/\/ateliersevigne.fr\/index.php?rest_route=\/wp\/v2\/pages"}],"about":[{"href":"https:\/\/ateliersevigne.fr\/index.php?rest_route=\/wp\/v2\/types\/page"}],"author":[{"embeddable":true,"href":"https:\/\/ateliersevigne.fr\/index.php?rest_route=\/wp\/v2\/users\/1"}],"replies":[{"embeddable":true,"href":"https:\/\/ateliersevigne.fr\/index.php?rest_route=%2Fwp%2Fv2%2Fcomments&post=26"}],"version-history":[{"count":28,"href":"https:\/\/ateliersevigne.fr\/index.php?rest_route=\/wp\/v2\/pages\/26\/revisions"}],"predecessor-version":[{"id":542,"href":"https:\/\/ateliersevigne.fr\/index.php?rest_route=\/wp\/v2\/pages\/26\/revisions\/542"}],"wp:attachment":[{"href":"https:\/\/ateliersevigne.fr\/index.php?rest_route=%2Fwp%2Fv2%2Fmedia&parent=26"}],"curies":[{"name":"wp","href":"https:\/\/api.w.org\/{rel}","templated":true}]}}