{"id":24,"date":"2025-06-03T22:01:06","date_gmt":"2025-06-03T20:01:06","guid":{"rendered":"http:\/\/ateliersevigne.fr\/?page_id=24"},"modified":"2025-07-18T14:09:34","modified_gmt":"2025-07-18T12:09:34","slug":"papeterie-evenementielle","status":"publish","type":"page","link":"https:\/\/ateliersevigne.fr\/?page_id=24","title":{"rendered":"Papeterie \u00e9v\u00e9nementielle"},"content":{"rendered":"\t\t<div data-elementor-type=\"wp-page\" data-elementor-id=\"24\" class=\"elementor elementor-24\" data-elementor-post-type=\"page\">\n\t\t\t\t<div class=\"elementor-element elementor-element-d13ca7c e-flex e-con-boxed wpr-particle-no wpr-jarallax-no wpr-parallax-no wpr-sticky-section-no e-con e-parent\" data-id=\"d13ca7c\" data-element_type=\"container\">\n\t\t\t\t\t<div class=\"e-con-inner\">\n\t\t\t\t<div class=\"elementor-element elementor-element-8b753a0 elementor-widget elementor-widget-heading\" data-id=\"8b753a0\" data-element_type=\"widget\" data-widget_type=\"heading.default\">\n\t\t\t\t<div class=\"elementor-widget-container\">\n\t\t\t\t\t<h2 class=\"elementor-heading-title elementor-size-default\">Papeterie \u00e9v\u00e9nementielle<\/h2>\t\t\t\t<\/div>\n\t\t\t\t<\/div>\n\t\t\t\t<div class=\"elementor-element elementor-element-2f8b76f elementor-widget elementor-widget-image\" data-id=\"2f8b76f\" data-element_type=\"widget\" data-widget_type=\"image.default\">\n\t\t\t\t<div class=\"elementor-widget-container\">\n\t\t\t\t\t\t\t\t\t\t\t\t\t\t\t<img fetchpriority=\"high\" decoding=\"async\" width=\"800\" height=\"534\" src=\"https:\/\/ateliersevigne.fr\/wp-content\/uploads\/2025\/06\/PE1-1024x683.jpg\" class=\"attachment-large size-large wp-image-87\" alt=\"\" srcset=\"https:\/\/ateliersevigne.fr\/wp-content\/uploads\/2025\/06\/PE1-1024x683.jpg 1024w, https:\/\/ateliersevigne.fr\/wp-content\/uploads\/2025\/06\/PE1-300x200.jpg 300w, https:\/\/ateliersevigne.fr\/wp-content\/uploads\/2025\/06\/PE1-768x512.jpg 768w, https:\/\/ateliersevigne.fr\/wp-content\/uploads\/2025\/06\/PE1-1536x1024.jpg 1536w, https:\/\/ateliersevigne.fr\/wp-content\/uploads\/2025\/06\/PE1-2048x1365.jpg 2048w\" sizes=\"(max-width: 800px) 100vw, 800px\" \/>\t\t\t\t\t\t\t\t\t\t\t\t\t\t\t<\/div>\n\t\t\t\t<\/div>\n\t\t\t\t<div class=\"elementor-element elementor-element-1e23fd5 elementor-widget elementor-widget-text-editor\" data-id=\"1e23fd5\" data-element_type=\"widget\" data-widget_type=\"text-editor.default\">\n\t\t\t\t<div class=\"elementor-widget-container\">\n\t\t\t\t\t\t\t\t\t<p class=\"p1\">Votre \u00e9v\u00e8nement m\u00e9rite la papeterie la plus raffin\u00e9e. Du carton d\u2019invitation au chevalet de table, en passant par le menu ou le mot personnalis\u00e9 accompagnant vos cadeaux, chaque support est calligraphi\u00e9 sur mesure pour refl\u00e9ter au mieux votre univers.<\/p><p class=\"p1\">Le choix du fait-main r\u00e9v\u00e8le, de mani\u00e8re discr\u00e8te mais puissante, l\u2019attention port\u00e9e \u00e0 vos invit\u00e9s et votre soin du beau jusque dans les moindres d\u00e9tails.<\/p>\t\t\t\t\t\t\t\t<\/div>\n\t\t\t\t<\/div>\n\t\t\t\t<div class=\"elementor-element elementor-element-ad71a6f elementor-align-center elementor-widget elementor-widget-button\" data-id=\"ad71a6f\" data-element_type=\"widget\" data-widget_type=\"button.default\">\n\t\t\t\t<div class=\"elementor-widget-container\">\n\t\t\t\t\t\t\t\t\t<div class=\"elementor-button-wrapper\">\n\t\t\t\t\t<a class=\"elementor-button elementor-button-link elementor-size-sm elementor-animation-shrink\" href=\"https:\/\/ateliersevigne.fr\/?page_id=22\">\n\t\t\t\t\t\t<span class=\"elementor-button-content-wrapper\">\n\t\t\t\t\t\t\t\t\t<span class=\"elementor-button-text\">Discutons ensemble de votre projet<\/span>\n\t\t\t\t\t<\/span>\n\t\t\t\t\t<\/a>\n\t\t\t\t<\/div>\n\t\t\t\t\t\t\t\t<\/div>\n\t\t\t\t<\/div>\n\t\t\t\t\t<\/div>\n\t\t\t\t<\/div>\n\t\t\t\t<\/div>\n\t\t","protected":false},"excerpt":{"rendered":"<p>Papeterie \u00e9v\u00e9nementielle Votre \u00e9v\u00e8nement m\u00e9rite la papeterie la plus raffin\u00e9e. Du carton d\u2019invitation au chevalet de table, en passant par le menu ou le mot personnalis\u00e9 accompagnant vos cadeaux, chaque support est calligraphi\u00e9 sur mesure pour refl\u00e9ter au mieux votre univers. Le choix du fait-main r\u00e9v\u00e8le, de mani\u00e8re discr\u00e8te mais puissante, l\u2019attention port\u00e9e \u00e0 vos invit\u00e9s et votre soin du beau jusque dans les moindres d\u00e9tails. Discutons ensemble de votre projet<\/p>\n","protected":false},"author":1,"featured_media":0,"parent":0,"menu_order":0,"comment_status":"closed","ping_status":"closed","template":"","meta":{"footnotes":""},"class_list":["post-24","page","type-page","status-publish","hentry"],"_links":{"self":[{"href":"https:\/\/ateliersevigne.fr\/index.php?rest_route=\/wp\/v2\/pages\/24","targetHints":{"allow":["GET"]}}],"collection":[{"href":"https:\/\/ateliersevigne.fr\/index.php?rest_route=\/wp\/v2\/pages"}],"about":[{"href":"https:\/\/ateliersevigne.fr\/index.php?rest_route=\/wp\/v2\/types\/page"}],"author":[{"embeddable":true,"href":"https:\/\/ateliersevigne.fr\/index.php?rest_route=\/wp\/v2\/users\/1"}],"replies":[{"embeddable":true,"href":"https:\/\/ateliersevigne.fr\/index.php?rest_route=%2Fwp%2Fv2%2Fcomments&post=24"}],"version-history":[{"count":83,"href":"https:\/\/ateliersevigne.fr\/index.php?rest_route=\/wp\/v2\/pages\/24\/revisions"}],"predecessor-version":[{"id":539,"href":"https:\/\/ateliersevigne.fr\/index.php?rest_route=\/wp\/v2\/pages\/24\/revisions\/539"}],"wp:attachment":[{"href":"https:\/\/ateliersevigne.fr\/index.php?rest_route=%2Fwp%2Fv2%2Fmedia&parent=24"}],"curies":[{"name":"wp","href":"https:\/\/api.w.org\/{rel}","templated":true}]}}