{"id":18,"date":"2025-06-03T22:00:22","date_gmt":"2025-06-03T20:00:22","guid":{"rendered":"http:\/\/ateliersevigne.fr\/?page_id=18"},"modified":"2025-07-18T14:14:53","modified_gmt":"2025-07-18T12:14:53","slug":"a-propos","status":"publish","type":"page","link":"https:\/\/ateliersevigne.fr\/?page_id=18","title":{"rendered":"\u00c0 propos"},"content":{"rendered":"\t\t<div data-elementor-type=\"wp-page\" data-elementor-id=\"18\" class=\"elementor elementor-18\" data-elementor-post-type=\"page\">\n\t\t\t\t<div class=\"elementor-element elementor-element-15506d8 e-flex e-con-boxed wpr-particle-no wpr-jarallax-no wpr-parallax-no wpr-sticky-section-no e-con e-parent\" data-id=\"15506d8\" data-element_type=\"container\">\n\t\t\t\t\t<div class=\"e-con-inner\">\n\t\t<div class=\"elementor-element elementor-element-1b801cc e-con-full e-flex wpr-particle-no wpr-jarallax-no wpr-parallax-no wpr-sticky-section-no e-con e-child\" data-id=\"1b801cc\" data-element_type=\"container\">\n\t\t\t\t<div class=\"elementor-element elementor-element-6f52e89 elementor-widget elementor-widget-image\" data-id=\"6f52e89\" data-element_type=\"widget\" data-widget_type=\"image.default\">\n\t\t\t\t<div class=\"elementor-widget-container\">\n\t\t\t\t\t\t\t\t\t\t\t\t\t\t\t<img fetchpriority=\"high\" decoding=\"async\" width=\"794\" height=\"1024\" src=\"https:\/\/ateliersevigne.fr\/wp-content\/uploads\/2025\/07\/FAQ1_11-794x1024.jpg\" class=\"attachment-large size-large wp-image-433\" alt=\"\" srcset=\"https:\/\/ateliersevigne.fr\/wp-content\/uploads\/2025\/07\/FAQ1_11-794x1024.jpg 794w, https:\/\/ateliersevigne.fr\/wp-content\/uploads\/2025\/07\/FAQ1_11-233x300.jpg 233w, https:\/\/ateliersevigne.fr\/wp-content\/uploads\/2025\/07\/FAQ1_11-768x991.jpg 768w, https:\/\/ateliersevigne.fr\/wp-content\/uploads\/2025\/07\/FAQ1_11-1191x1536.jpg 1191w, https:\/\/ateliersevigne.fr\/wp-content\/uploads\/2025\/07\/FAQ1_11-1588x2048.jpg 1588w, https:\/\/ateliersevigne.fr\/wp-content\/uploads\/2025\/07\/FAQ1_11-scaled.jpg 1984w\" sizes=\"(max-width: 794px) 100vw, 794px\" \/>\t\t\t\t\t\t\t\t\t\t\t\t\t\t\t<\/div>\n\t\t\t\t<\/div>\n\t\t\t\t<\/div>\n\t\t<div class=\"elementor-element elementor-element-6c7e2a6 e-con-full e-flex wpr-particle-no wpr-jarallax-no wpr-parallax-no wpr-sticky-section-no e-con e-child\" data-id=\"6c7e2a6\" data-element_type=\"container\">\n\t\t\t\t<div class=\"elementor-element elementor-element-9dc18b3 elementor-widget elementor-widget-heading\" data-id=\"9dc18b3\" data-element_type=\"widget\" data-widget_type=\"heading.default\">\n\t\t\t\t<div class=\"elementor-widget-container\">\n\t\t\t\t\t<h2 class=\"elementor-heading-title elementor-size-default\">\u00c0 propos<\/h2>\t\t\t\t<\/div>\n\t\t\t\t<\/div>\n\t\t\t\t<div class=\"elementor-element elementor-element-cee3907 elementor-widget elementor-widget-text-editor\" data-id=\"cee3907\" data-element_type=\"widget\" data-widget_type=\"text-editor.default\">\n\t\t\t\t<div class=\"elementor-widget-container\">\n\t\t\t\t\t\t\t\t\t<p class=\"p1\">Je suis Camille, calligraphe professionnelle, passionn\u00e9e de Lettres, de lettres et de lettres ! Litt\u00e9rature, correspondance et calligraphie ont toujours fait partie de mon univers, jusqu\u2019\u00e0 ce que je d\u00e9cide d\u2019en faire mon activit\u00e9 \u00e0 part enti\u00e8re. Ainsi est n\u00e9 Atelier S\u00e9vign\u00e9, dont le nom rend hommage \u00e0 une grande femme de Lettres et, bien s\u00fbr, de lettres.<\/p><p class=\"p1\">Depuis, \u00e0 travers la plume et l\u2019encre, je donne forme aux mots avec d\u00e9licatesse et pr\u00e9cision. Form\u00e9e par de grands ma\u00eetres calligraphes, je travaille avec des maisons, des institutions et des particuliers sensibles \u00e0 l\u2019artisanat d\u2019art, \u00e0 la beaut\u00e9 du mot et \u00e0 l\u2019\u00e9l\u00e9gance du trait.<\/p>\t\t\t\t\t\t\t\t<\/div>\n\t\t\t\t<\/div>\n\t\t\t\t<\/div>\n\t\t\t\t\t<\/div>\n\t\t\t\t<\/div>\n\t\t<div class=\"elementor-element elementor-element-b90e2c4 e-flex e-con-boxed wpr-particle-no wpr-jarallax-no wpr-parallax-no wpr-sticky-section-no e-con e-parent\" data-id=\"b90e2c4\" data-element_type=\"container\">\n\t\t\t\t\t<div class=\"e-con-inner\">\n\t\t\t\t\t<\/div>\n\t\t\t\t<\/div>\n\t\t\t\t<\/div>\n\t\t","protected":false},"excerpt":{"rendered":"<p>\u00c0 propos Je suis Camille, calligraphe professionnelle, passionn\u00e9e de Lettres, de lettres et de lettres ! Litt\u00e9rature, correspondance et calligraphie ont toujours fait partie de mon univers, jusqu\u2019\u00e0 ce que je d\u00e9cide d\u2019en faire mon activit\u00e9 \u00e0 part enti\u00e8re. Ainsi est n\u00e9 Atelier S\u00e9vign\u00e9, dont le nom rend hommage \u00e0 une grande femme de Lettres et, bien s\u00fbr, de lettres. Depuis, \u00e0 travers la plume et l\u2019encre, je donne forme aux mots avec d\u00e9licatesse et pr\u00e9cision. Form\u00e9e par de grands ma\u00eetres calligraphes, je travaille avec des maisons, des institutions et des particuliers sensibles \u00e0 l\u2019artisanat d\u2019art, \u00e0 la beaut\u00e9 du mot et \u00e0 l\u2019\u00e9l\u00e9gance du trait.<\/p>\n","protected":false},"author":1,"featured_media":0,"parent":0,"menu_order":0,"comment_status":"closed","ping_status":"closed","template":"","meta":{"footnotes":""},"class_list":["post-18","page","type-page","status-publish","hentry"],"_links":{"self":[{"href":"https:\/\/ateliersevigne.fr\/index.php?rest_route=\/wp\/v2\/pages\/18","targetHints":{"allow":["GET"]}}],"collection":[{"href":"https:\/\/ateliersevigne.fr\/index.php?rest_route=\/wp\/v2\/pages"}],"about":[{"href":"https:\/\/ateliersevigne.fr\/index.php?rest_route=\/wp\/v2\/types\/page"}],"author":[{"embeddable":true,"href":"https:\/\/ateliersevigne.fr\/index.php?rest_route=\/wp\/v2\/users\/1"}],"replies":[{"embeddable":true,"href":"https:\/\/ateliersevigne.fr\/index.php?rest_route=%2Fwp%2Fv2%2Fcomments&post=18"}],"version-history":[{"count":10,"href":"https:\/\/ateliersevigne.fr\/index.php?rest_route=\/wp\/v2\/pages\/18\/revisions"}],"predecessor-version":[{"id":569,"href":"https:\/\/ateliersevigne.fr\/index.php?rest_route=\/wp\/v2\/pages\/18\/revisions\/569"}],"wp:attachment":[{"href":"https:\/\/ateliersevigne.fr\/index.php?rest_route=%2Fwp%2Fv2%2Fmedia&parent=18"}],"curies":[{"name":"wp","href":"https:\/\/api.w.org\/{rel}","templated":true}]}}